{"id":2215,"date":"2019-06-06T09:22:26","date_gmt":"2019-06-06T09:22:26","guid":{"rendered":"https:\/\/stage.willke.com\/?page_id=2215"},"modified":"2020-01-22T14:25:14","modified_gmt":"2020-01-22T14:25:14","slug":"esf-foerderung-fuer-die-niedersaechsische-regionen","status":"publish","type":"page","link":"https:\/\/willke.com\/da\/esf-foerderung-fuer-die-niedersaechsische-regionen\/","title":{"rendered":"ESF F\u00f6rderung f\u00fcr die nieders\u00e4chsische Regionen"},"content":{"rendered":"<section class=\"abschnitt bg-grey full-w\">\n<div class=\"abschnitt-inner\">\n<h1><strong>EUROPA f\u00fcr Niedersachsen<br \/>\n<\/strong>Gleisbaumeister IHK<\/h1>\n<\/div>\n<\/section>\n<div style=\"margin-top: 30px;\"><img loading=\"lazy\" decoding=\"async\" src=\"https:\/\/willke.com\/wp-content\/uploads\/Plakat-NBank-Gleisbaumeister-IHK.jpg\" alt=\"\" width=\"1280\" height=\"1810\" class=\"aligncenter wp-image-2516 size-full\" srcset=\"https:\/\/willke.com\/wp-content\/uploads\/Plakat-NBank-Gleisbaumeister-IHK.jpg 1280w, https:\/\/willke.com\/wp-content\/uploads\/Plakat-NBank-Gleisbaumeister-IHK-212x300.jpg 212w, https:\/\/willke.com\/wp-content\/uploads\/Plakat-NBank-Gleisbaumeister-IHK-724x1024.jpg 724w, https:\/\/willke.com\/wp-content\/uploads\/Plakat-NBank-Gleisbaumeister-IHK-768x1086.jpg 768w, https:\/\/willke.com\/wp-content\/uploads\/Plakat-NBank-Gleisbaumeister-IHK-1086x1536.jpg 1086w, https:\/\/willke.com\/wp-content\/uploads\/Plakat-NBank-Gleisbaumeister-IHK-640x905.jpg 640w, https:\/\/willke.com\/wp-content\/uploads\/Plakat-NBank-Gleisbaumeister-IHK-500x707.jpg 500w\" sizes=\"auto, (max-width: 1280px) 100vw, 1280px\" \/><\/div>\n","protected":false},"excerpt":{"rendered":"<p>EUROPA f\u00fcr Niedersachsen Gleisbaumeister IHK<\/p>\n","protected":false},"author":5,"featured_media":2209,"parent":0,"menu_order":0,"comment_status":"closed","ping_status":"closed","template":"","meta":{"_acf_changed":false,"footnotes":""},"class_list":["post-2215","page","type-page","status-publish","has-post-thumbnail","hentry"],"acf":[],"yoast_head":"<!-- This site is optimized with the Yoast SEO plugin v26.9 - https:\/\/yoast.com\/product\/yoast-seo-wordpress\/ -->\n<title>ESF F\u00f6rderung f\u00fcr die nieders\u00e4chsische Regionen - Willke Unternehmensgruppe<\/title>\n<meta name=\"robots\" content=\"index, follow, max-snippet:-1, max-image-preview:large, max-video-preview:-1\" \/>\n<link rel=\"canonical\" href=\"https:\/\/willke.com\/da\/esf-foerderung-fuer-die-niedersaechsische-regionen\/\" \/>\n<meta property=\"og:locale\" content=\"da_DK\" \/>\n<meta property=\"og:type\" content=\"article\" \/>\n<meta property=\"og:title\" content=\"ESF F\u00f6rderung f\u00fcr die nieders\u00e4chsische Regionen - Willke Unternehmensgruppe\" \/>\n<meta property=\"og:description\" content=\"EUROPA f\u00fcr Niedersachsen Gleisbaumeister IHK\" \/>\n<meta property=\"og:url\" content=\"https:\/\/willke.com\/da\/esf-foerderung-fuer-die-niedersaechsische-regionen\/\" \/>\n<meta property=\"og:site_name\" content=\"Willke Unternehmensgruppe\" \/>\n<meta property=\"article:modified_time\" content=\"2020-01-22T14:25:14+00:00\" \/>\n<meta property=\"og:image\" content=\"https:\/\/willke.com\/wp-content\/uploads\/Label-EU-ESF.jpg\" \/>\n\t<meta property=\"og:image:width\" content=\"1920\" \/>\n\t<meta property=\"og:image:height\" content=\"821\" \/>\n\t<meta property=\"og:image:type\" content=\"image\/jpeg\" \/>\n<meta name=\"twitter:card\" content=\"summary_large_image\" \/>\n<script type=\"application\/ld+json\" class=\"yoast-schema-graph\">{\"@context\":\"https:\/\/schema.org\",\"@graph\":[{\"@type\":\"WebPage\",\"@id\":\"https:\/\/willke.com\/da\/esf-foerderung-fuer-die-niedersaechsische-regionen\/\",\"url\":\"https:\/\/willke.com\/da\/esf-foerderung-fuer-die-niedersaechsische-regionen\/\",\"name\":\"ESF F\u00f6rderung f\u00fcr die nieders\u00e4chsische Regionen - Willke Unternehmensgruppe\",\"isPartOf\":{\"@id\":\"https:\/\/willke.com\/#website\"},\"primaryImageOfPage\":{\"@id\":\"https:\/\/willke.com\/da\/esf-foerderung-fuer-die-niedersaechsische-regionen\/#primaryimage\"},\"image\":{\"@id\":\"https:\/\/willke.com\/da\/esf-foerderung-fuer-die-niedersaechsische-regionen\/#primaryimage\"},\"thumbnailUrl\":\"https:\/\/willke.com\/wp-content\/uploads\/Label-EU-ESF.jpg\",\"datePublished\":\"2019-06-06T09:22:26+00:00\",\"dateModified\":\"2020-01-22T14:25:14+00:00\",\"breadcrumb\":{\"@id\":\"https:\/\/willke.com\/da\/esf-foerderung-fuer-die-niedersaechsische-regionen\/#breadcrumb\"},\"inLanguage\":\"da-DK\",\"potentialAction\":[{\"@type\":\"ReadAction\",\"target\":[\"https:\/\/willke.com\/da\/esf-foerderung-fuer-die-niedersaechsische-regionen\/\"]}]},{\"@type\":\"ImageObject\",\"inLanguage\":\"da-DK\",\"@id\":\"https:\/\/willke.com\/da\/esf-foerderung-fuer-die-niedersaechsische-regionen\/#primaryimage\",\"url\":\"https:\/\/willke.com\/wp-content\/uploads\/Label-EU-ESF.jpg\",\"contentUrl\":\"https:\/\/willke.com\/wp-content\/uploads\/Label-EU-ESF.jpg\",\"width\":1920,\"height\":821},{\"@type\":\"BreadcrumbList\",\"@id\":\"https:\/\/willke.com\/da\/esf-foerderung-fuer-die-niedersaechsische-regionen\/#breadcrumb\",\"itemListElement\":[{\"@type\":\"ListItem\",\"position\":1,\"name\":\"Home\",\"item\":\"https:\/\/willke.com\/da\/\"},{\"@type\":\"ListItem\",\"position\":2,\"name\":\"ESF F\u00f6rderung f\u00fcr die nieders\u00e4chsische Regionen\"}]},{\"@type\":\"WebSite\",\"@id\":\"https:\/\/willke.com\/#website\",\"url\":\"https:\/\/willke.com\/\",\"name\":\"Willke Unternehmensgruppe\",\"description\":\"Alles rund um Gleisbau\",\"potentialAction\":[{\"@type\":\"SearchAction\",\"target\":{\"@type\":\"EntryPoint\",\"urlTemplate\":\"https:\/\/willke.com\/?s={search_term_string}\"},\"query-input\":{\"@type\":\"PropertyValueSpecification\",\"valueRequired\":true,\"valueName\":\"search_term_string\"}}],\"inLanguage\":\"da-DK\"}]}<\/script>\n<!-- \/ Yoast SEO plugin. -->","yoast_head_json":{"title":"ESF F\u00f6rderung f\u00fcr die nieders\u00e4chsische Regionen - Willke Unternehmensgruppe","robots":{"index":"index","follow":"follow","max-snippet":"max-snippet:-1","max-image-preview":"max-image-preview:large","max-video-preview":"max-video-preview:-1"},"canonical":"https:\/\/willke.com\/da\/esf-foerderung-fuer-die-niedersaechsische-regionen\/","og_locale":"da_DK","og_type":"article","og_title":"ESF F\u00f6rderung f\u00fcr die nieders\u00e4chsische Regionen - Willke Unternehmensgruppe","og_description":"EUROPA f\u00fcr Niedersachsen Gleisbaumeister IHK","og_url":"https:\/\/willke.com\/da\/esf-foerderung-fuer-die-niedersaechsische-regionen\/","og_site_name":"Willke Unternehmensgruppe","article_modified_time":"2020-01-22T14:25:14+00:00","og_image":[{"width":1920,"height":821,"url":"https:\/\/willke.com\/wp-content\/uploads\/Label-EU-ESF.jpg","type":"image\/jpeg"}],"twitter_card":"summary_large_image","schema":{"@context":"https:\/\/schema.org","@graph":[{"@type":"WebPage","@id":"https:\/\/willke.com\/da\/esf-foerderung-fuer-die-niedersaechsische-regionen\/","url":"https:\/\/willke.com\/da\/esf-foerderung-fuer-die-niedersaechsische-regionen\/","name":"ESF F\u00f6rderung f\u00fcr die nieders\u00e4chsische Regionen - Willke Unternehmensgruppe","isPartOf":{"@id":"https:\/\/willke.com\/#website"},"primaryImageOfPage":{"@id":"https:\/\/willke.com\/da\/esf-foerderung-fuer-die-niedersaechsische-regionen\/#primaryimage"},"image":{"@id":"https:\/\/willke.com\/da\/esf-foerderung-fuer-die-niedersaechsische-regionen\/#primaryimage"},"thumbnailUrl":"https:\/\/willke.com\/wp-content\/uploads\/Label-EU-ESF.jpg","datePublished":"2019-06-06T09:22:26+00:00","dateModified":"2020-01-22T14:25:14+00:00","breadcrumb":{"@id":"https:\/\/willke.com\/da\/esf-foerderung-fuer-die-niedersaechsische-regionen\/#breadcrumb"},"inLanguage":"da-DK","potentialAction":[{"@type":"ReadAction","target":["https:\/\/willke.com\/da\/esf-foerderung-fuer-die-niedersaechsische-regionen\/"]}]},{"@type":"ImageObject","inLanguage":"da-DK","@id":"https:\/\/willke.com\/da\/esf-foerderung-fuer-die-niedersaechsische-regionen\/#primaryimage","url":"https:\/\/willke.com\/wp-content\/uploads\/Label-EU-ESF.jpg","contentUrl":"https:\/\/willke.com\/wp-content\/uploads\/Label-EU-ESF.jpg","width":1920,"height":821},{"@type":"BreadcrumbList","@id":"https:\/\/willke.com\/da\/esf-foerderung-fuer-die-niedersaechsische-regionen\/#breadcrumb","itemListElement":[{"@type":"ListItem","position":1,"name":"Home","item":"https:\/\/willke.com\/da\/"},{"@type":"ListItem","position":2,"name":"ESF F\u00f6rderung f\u00fcr die nieders\u00e4chsische Regionen"}]},{"@type":"WebSite","@id":"https:\/\/willke.com\/#website","url":"https:\/\/willke.com\/","name":"Willke Unternehmensgruppe","description":"Alles rund um Gleisbau","potentialAction":[{"@type":"SearchAction","target":{"@type":"EntryPoint","urlTemplate":"https:\/\/willke.com\/?s={search_term_string}"},"query-input":{"@type":"PropertyValueSpecification","valueRequired":true,"valueName":"search_term_string"}}],"inLanguage":"da-DK"}]}},"_links":{"self":[{"href":"https:\/\/willke.com\/da\/wp-json\/wp\/v2\/pages\/2215","targetHints":{"allow":["GET"]}}],"collection":[{"href":"https:\/\/willke.com\/da\/wp-json\/wp\/v2\/pages"}],"about":[{"href":"https:\/\/willke.com\/da\/wp-json\/wp\/v2\/types\/page"}],"author":[{"embeddable":true,"href":"https:\/\/willke.com\/da\/wp-json\/wp\/v2\/users\/5"}],"replies":[{"embeddable":true,"href":"https:\/\/willke.com\/da\/wp-json\/wp\/v2\/comments?post=2215"}],"version-history":[{"count":0,"href":"https:\/\/willke.com\/da\/wp-json\/wp\/v2\/pages\/2215\/revisions"}],"wp:featuredmedia":[{"embeddable":true,"href":"https:\/\/willke.com\/da\/wp-json\/wp\/v2\/media\/2209"}],"wp:attachment":[{"href":"https:\/\/willke.com\/da\/wp-json\/wp\/v2\/media?parent=2215"}],"curies":[{"name":"wp","href":"https:\/\/api.w.org\/{rel}","templated":true}]}}