{"id":3260,"date":"2020-05-06T18:39:25","date_gmt":"2020-05-06T18:39:25","guid":{"rendered":"https:\/\/stage.willke.com\/danmark\/"},"modified":"2022-02-01T14:52:27","modified_gmt":"2022-02-01T14:52:27","slug":"danmark","status":"publish","type":"page","link":"https:\/\/willke.com\/da\/danmark\/","title":{"rendered":"Willke Danmark apS"},"content":{"rendered":"\n<div class=\"wp-block-group\"><div class=\"wp-block-group__inner-container is-layout-flow wp-block-group-is-layout-flow\">\n<h1 class=\"wp-block-heading\" id=\"willke-danmark\">Willke Danmark<\/h1>\n\n\n\n<h2 class=\"wp-block-heading\" id=\"company\">Company<\/h2>\n\n\n\n<p>Med over 40 \u00e5rs erfaring er Willke koncernen en professionel, kvalificeret og ofte foretrukken samarbejdspartner indenfor baneopgaver i b\u00e5de Tyskland og Danmark. Ledelsen og kontrollen med firmaet er forblevet p\u00e5 familiens h\u00e6nder gennem alle \u00e5rene. Firmaet blev grundlagt i 1979 i Wittorf (ved L\u00fcneburg) i Tyskland af Roger Willke. I dag ledes firmaet af 2. generation, Moritz og Niklas Willke.<\/p>\n\n\n\n<p>Willke koncernen har over 250 h\u00f8jt kvalificerede medarbejdere, som sammen med vores moderne maskinpark af specialmaskiner udf\u00f8rer opgaver overalt i Danmark, i samarbejde med vores tyske kollegaer.<\/p>\n\n\n\n<p>I dag best\u00e5r koncernen af 8 selvst\u00e6ndige datterselskaber, der geografisk er fordelt over hele Tyskland og i Danmark.<\/p>\n<\/div><\/div>\n\n\n\n<div class=\"wp-block-group\"><div class=\"wp-block-group__inner-container is-layout-flow wp-block-group-is-layout-flow\">\n<h2 class=\"wp-block-heading\" id=\"referencer\"><em>Referencer<\/em><\/h2>\n\n\n\n<p>I Danmark har vi, igennem de sidste 15 \u00e5r, ved l\u00f8sning af vores projekter skabt os et godt navn og ry, og kan se tilbage p\u00e5 mange sp\u00e6ndende, interessante og afsluttede projekter. Projekterne er udf\u00f8rt af vores erfarende og dygtige medarbejder som l\u00f8bende bliver videreuddannet og opkvalificeret, s\u00e5ledes vi sikre os at medarbejderne har den nyeste tekniske viden.<\/p>\n\n\n\n<p>Siden vores f\u00f8rste opgave i Padborg i 2005, har vi haft mange sp\u00e6ndende og udfordrende projekter. &nbsp;Du kan se et udvalg af vores projekter i Danmark nedenfor:<\/p>\n\n\n<section class=\"grid grid-photos bg-black grid-gallery grid-referenzen\"><div class=\"grid-item has-thumb\"><div class=\"grid-item-inner\"><div class=\"grid-bg\" style=\"background-image:url(https:\/\/willke.com\/wp-content\/uploads\/2015-06-Sporgruppe-40-Kbh-02.jpg);\"><\/div><h3 class=\"grid-title\">Sporgruppe 40 Kbh<\/h3><div class=\"button-wrapper\"><a class=\"button button-red lightbox\" href=\"https:\/\/willke.com\/da\/referencer\/sporgruppe-40-kbh\/\" data-lb-content=\"ajax\" data-lb-ajax-url=\"https:\/\/willke.com\/da\/referencer\/sporgruppe-40-kbh\/ #entry-content\" data-lb-max-w=\"1280px\" data-lb-title=\"<h3 class='text-center'>Sporgruppe 40 Kbh<\/h3>\">mehr<\/a><\/div><\/div><\/div><div class=\"grid-item has-thumb\"><div class=\"grid-item-inner\"><div class=\"grid-bg\" style=\"background-image:url(https:\/\/willke.com\/wp-content\/uploads\/Vestfyn\u2013Holmstrup-Tommerup-01.jpg);\"><\/div><h3 class=\"grid-title\">Vestfyn \u2013 Holmstrup\/Tommerup<\/h3><div class=\"button-wrapper\"><a class=\"button button-red lightbox\" href=\"https:\/\/willke.com\/da\/referencer\/vestfyn-holmstrup-tommerup\/\" data-lb-content=\"ajax\" data-lb-ajax-url=\"https:\/\/willke.com\/da\/referencer\/vestfyn-holmstrup-tommerup\/ #entry-content\" data-lb-max-w=\"1280px\" data-lb-title=\"<h3 class='text-center'>Vestfyn \u2013 Holmstrup\/Tommerup<\/h3>\">mehr<\/a><\/div><\/div><\/div><div class=\"grid-item has-thumb\"><div class=\"grid-item-inner\"><div class=\"grid-bg\" style=\"background-image:url(https:\/\/willke.com\/wp-content\/uploads\/2015-03-Sporombygning-K\u00f8ge-Station-01.jpg);\"><\/div><h3 class=\"grid-title\">Sporombygning K\u00f8ge Station<\/h3><div class=\"button-wrapper\"><a class=\"button button-red lightbox\" href=\"https:\/\/willke.com\/da\/referencer\/sporombygning-koege-station\/\" data-lb-content=\"ajax\" data-lb-ajax-url=\"https:\/\/willke.com\/da\/referencer\/sporombygning-koege-station\/ #entry-content\" data-lb-max-w=\"1280px\" data-lb-title=\"<h3 class='text-center'>Sporombygning K\u00f8ge Station<\/h3>\">mehr<\/a><\/div><\/div><\/div><div class=\"grid-item has-thumb\"><div class=\"grid-item-inner\"><div class=\"grid-bg\" style=\"background-image:url(https:\/\/willke.com\/wp-content\/uploads\/2014-04-2x5-jernbaneoverk\u00f8rsler-01.jpg);\"><\/div><h3 class=\"grid-title\">2 x 5 jernbaneoverk\u00f8rsler<\/h3><div class=\"button-wrapper\"><a class=\"button button-red lightbox\" href=\"https:\/\/willke.com\/da\/referencer\/2-x-5-jernbaneoverkoersler\/\" data-lb-content=\"ajax\" data-lb-ajax-url=\"https:\/\/willke.com\/da\/referencer\/2-x-5-jernbaneoverkoersler\/ #entry-content\" data-lb-max-w=\"1280px\" data-lb-title=\"<h3 class='text-center'>2 x 5 jernbaneoverk\u00f8rsler<\/h3>\">mehr<\/a><\/div><\/div><\/div><div class=\"grid-item has-thumb\"><div class=\"grid-item-inner\"><div class=\"grid-bg\" style=\"background-image:url(https:\/\/willke.com\/wp-content\/uploads\/2013-07-Helsingor-Banegard-02.jpg);\"><\/div><h3 class=\"grid-title\">Helsing\u00f8r Baneg\u00e5rd<\/h3><div class=\"button-wrapper\"><a class=\"button button-red lightbox\" href=\"https:\/\/willke.com\/da\/referencer\/helsingoer-banegaard\/\" data-lb-content=\"ajax\" data-lb-ajax-url=\"https:\/\/willke.com\/da\/referencer\/helsingoer-banegaard\/ #entry-content\" data-lb-max-w=\"1280px\" data-lb-title=\"<h3 class='text-center'>Helsing\u00f8r Baneg\u00e5rd<\/h3>\">mehr<\/a><\/div><\/div><\/div><div class=\"grid-item has-thumb\"><div class=\"grid-item-inner\"><div class=\"grid-bg\" style=\"background-image:url(https:\/\/willke.com\/wp-content\/uploads\/2013-06-Den-Gamle-Lillebaltsbro-01.jpg);\"><\/div><h3 class=\"grid-title\">Den Gamle Lilleb\u00e6ltsbro<\/h3><div class=\"button-wrapper\"><a class=\"button button-red lightbox\" href=\"https:\/\/willke.com\/da\/referencer\/den-gamle-lillebaeltsbro\/\" data-lb-content=\"ajax\" data-lb-ajax-url=\"https:\/\/willke.com\/da\/referencer\/den-gamle-lillebaeltsbro\/ #entry-content\" data-lb-max-w=\"1280px\" data-lb-title=\"<h3 class='text-center'>Den Gamle Lilleb\u00e6ltsbro<\/h3>\">mehr<\/a><\/div><\/div><\/div><div class=\"grid-item has-thumb\"><div class=\"grid-item-inner\"><div class=\"grid-bg\" style=\"background-image:url(https:\/\/willke.com\/wp-content\/uploads\/2012-11-Skanderborg-Herning-01.jpg);\"><\/div><h3 class=\"grid-title\">Skanderborg-Herning<\/h3><div class=\"button-wrapper\"><a class=\"button button-red lightbox\" href=\"https:\/\/willke.com\/da\/referencer\/skanderborg-herning\/\" data-lb-content=\"ajax\" data-lb-ajax-url=\"https:\/\/willke.com\/da\/referencer\/skanderborg-herning\/ #entry-content\" data-lb-max-w=\"1280px\" data-lb-title=\"<h3 class='text-center'>Skanderborg-Herning<\/h3>\">mehr<\/a><\/div><\/div><\/div><div class=\"grid-item has-thumb\"><div class=\"grid-item-inner\"><div class=\"grid-bg\" style=\"background-image:url(https:\/\/willke.com\/wp-content\/uploads\/2012-03-Osterport-Station-02.jpg);\"><\/div><h3 class=\"grid-title\">\u00d8sterport Station<\/h3><div class=\"button-wrapper\"><a class=\"button button-red lightbox\" href=\"https:\/\/willke.com\/da\/referencer\/oesterport-station\/\" data-lb-content=\"ajax\" data-lb-ajax-url=\"https:\/\/willke.com\/da\/referencer\/oesterport-station\/ #entry-content\" data-lb-max-w=\"1280px\" data-lb-title=\"<h3 class='text-center'>\u00d8sterport Station<\/h3>\">mehr<\/a><\/div><\/div><\/div><\/section>\n<\/div><\/div>\n\n\n\n<div class=\"wp-block-group\"><div class=\"wp-block-group__inner-container is-layout-flow wp-block-group-is-layout-flow\">\n<h2 class=\"wp-block-heading\" id=\"job-og-karriere\">Job og karriere<\/h2>\n\n\n\n<p>Hos Willke er vi altid interesseret i at tiltr\u00e6kke dygtige medarbejder der v\u00e6re med at sikre, at vi ogs\u00e5 i fremtiden kan forts\u00e6tte den positive udvikling vi har gennemg\u00e5et igennem de seneste 15 \u00e5r i Danmark.<\/p>\n\n\n\n<p>Vi s\u00f8ger l\u00f8bende velkvalificerede medarbejdere til f\u00f8lgende profiler:<\/p>\n\n\n\n<ul class=\"wp-block-list\"><li>Projektleder<\/li><li>Byggeleder<\/li><li>Tidsplanl\u00e6gger<\/li><li>Sporarbejdere<\/li><li>Maskinf\u00f8rer<\/li><\/ul>\n\n\n\n<p>Kig ind p\u00e5 vores stillingsannoncer og&nbsp; tag gerne kontakt til os via <a href=\"mailto:job@willke.dk\">job@willke.dk<\/a> Vi har p.t desv\u00e6rre ingen ledige stillinger, men modtager selvf\u00f8lig gerne din uopfordrede ans\u00f8gning. Beskriv din uddannelse, erfaring og hvorfor du gerne vil arbejde hos os. CV og eventuelle eksamenspapirer\/karakterblade bedes vedlagt din ans\u00f8gning.<\/p>\n<\/div><\/div>\n\n\n\n<div class=\"wp-block-group\"><div class=\"wp-block-group__inner-container is-layout-flow wp-block-group-is-layout-flow\">\n<h2 class=\"wp-block-heading\" id=\"kontakt\"><em>Kontakt<\/em><\/h2>\n\n\n\n<p>Vi gl\u00e6der os til at h\u00f8re fra dig.<br>Kontaktperson(er)&nbsp; hos Willke Danmark er:<\/p>\n\n\n\n<p><strong>Niklas Willke<br><\/strong>Direkt\u00f8r, Willke Danmark<\/p>\n\n\n\n<p><br>Tag gerne kontakt med os via <a href=\"mailto:job@willke.dk\">job@willke.dk<\/a><\/p>\n<\/div><\/div>\n","protected":false},"excerpt":{"rendered":"<p>Willke Danmark Company Med over 40 \u00e5rs erfaring er Willke koncernen en professionel, kvalificeret og ofte foretrukken samarbejdspartner indenfor baneopgaver i b\u00e5de Tyskland og Danmark. Ledelsen og kontrollen med firmaet er forblevet p\u00e5 familiens h\u00e6nder gennem alle \u00e5rene. Firmaet blev grundlagt i 1979 i Wittorf (ved L\u00fcneburg) i Tyskland af Roger Willke. I dag ledes [&hellip;]<\/p>\n","protected":false},"author":1,"featured_media":0,"parent":0,"menu_order":0,"comment_status":"closed","ping_status":"closed","template":"","meta":{"_acf_changed":false,"footnotes":""},"class_list":["post-3260","page","type-page","status-publish","hentry"],"acf":[],"yoast_head":"<!-- This site is optimized with the Yoast SEO plugin v26.9 - https:\/\/yoast.com\/product\/yoast-seo-wordpress\/ -->\n<title>Willke Danmark apS - Willke Unternehmensgruppe<\/title>\n<meta name=\"robots\" content=\"index, follow, max-snippet:-1, max-image-preview:large, max-video-preview:-1\" \/>\n<link rel=\"canonical\" href=\"https:\/\/willke.com\/da\/danmark\/\" \/>\n<meta property=\"og:locale\" content=\"da_DK\" \/>\n<meta property=\"og:type\" content=\"article\" \/>\n<meta property=\"og:title\" content=\"Willke Danmark apS - Willke Unternehmensgruppe\" \/>\n<meta property=\"og:description\" content=\"Willke Danmark Company Med over 40 \u00e5rs erfaring er Willke koncernen en professionel, kvalificeret og ofte foretrukken samarbejdspartner indenfor baneopgaver i b\u00e5de Tyskland og Danmark. Ledelsen og kontrollen med firmaet er forblevet p\u00e5 familiens h\u00e6nder gennem alle \u00e5rene. Firmaet blev grundlagt i 1979 i Wittorf (ved L\u00fcneburg) i Tyskland af Roger Willke. I dag ledes [&hellip;]\" \/>\n<meta property=\"og:url\" content=\"https:\/\/willke.com\/da\/danmark\/\" \/>\n<meta property=\"og:site_name\" content=\"Willke Unternehmensgruppe\" \/>\n<meta property=\"article:modified_time\" content=\"2022-02-01T14:52:27+00:00\" \/>\n<meta name=\"twitter:card\" content=\"summary_large_image\" \/>\n<meta name=\"twitter:label1\" content=\"Estimeret l\u00e6setid\" \/>\n\t<meta name=\"twitter:data1\" content=\"2 minutter\" \/>\n<script type=\"application\/ld+json\" class=\"yoast-schema-graph\">{\"@context\":\"https:\/\/schema.org\",\"@graph\":[{\"@type\":\"WebPage\",\"@id\":\"https:\/\/willke.com\/da\/danmark\/\",\"url\":\"https:\/\/willke.com\/da\/danmark\/\",\"name\":\"Willke Danmark apS - Willke Unternehmensgruppe\",\"isPartOf\":{\"@id\":\"https:\/\/willke.com\/#website\"},\"datePublished\":\"2020-05-06T18:39:25+00:00\",\"dateModified\":\"2022-02-01T14:52:27+00:00\",\"breadcrumb\":{\"@id\":\"https:\/\/willke.com\/da\/danmark\/#breadcrumb\"},\"inLanguage\":\"da-DK\",\"potentialAction\":[{\"@type\":\"ReadAction\",\"target\":[\"https:\/\/willke.com\/da\/danmark\/\"]}]},{\"@type\":\"BreadcrumbList\",\"@id\":\"https:\/\/willke.com\/da\/danmark\/#breadcrumb\",\"itemListElement\":[{\"@type\":\"ListItem\",\"position\":1,\"name\":\"Home\",\"item\":\"https:\/\/willke.com\/da\/\"},{\"@type\":\"ListItem\",\"position\":2,\"name\":\"Willke Danmark apS\"}]},{\"@type\":\"WebSite\",\"@id\":\"https:\/\/willke.com\/#website\",\"url\":\"https:\/\/willke.com\/\",\"name\":\"Willke Unternehmensgruppe\",\"description\":\"Alles rund um Gleisbau\",\"potentialAction\":[{\"@type\":\"SearchAction\",\"target\":{\"@type\":\"EntryPoint\",\"urlTemplate\":\"https:\/\/willke.com\/?s={search_term_string}\"},\"query-input\":{\"@type\":\"PropertyValueSpecification\",\"valueRequired\":true,\"valueName\":\"search_term_string\"}}],\"inLanguage\":\"da-DK\"}]}<\/script>\n<!-- \/ Yoast SEO plugin. -->","yoast_head_json":{"title":"Willke Danmark apS - Willke Unternehmensgruppe","robots":{"index":"index","follow":"follow","max-snippet":"max-snippet:-1","max-image-preview":"max-image-preview:large","max-video-preview":"max-video-preview:-1"},"canonical":"https:\/\/willke.com\/da\/danmark\/","og_locale":"da_DK","og_type":"article","og_title":"Willke Danmark apS - Willke Unternehmensgruppe","og_description":"Willke Danmark Company Med over 40 \u00e5rs erfaring er Willke koncernen en professionel, kvalificeret og ofte foretrukken samarbejdspartner indenfor baneopgaver i b\u00e5de Tyskland og Danmark. Ledelsen og kontrollen med firmaet er forblevet p\u00e5 familiens h\u00e6nder gennem alle \u00e5rene. Firmaet blev grundlagt i 1979 i Wittorf (ved L\u00fcneburg) i Tyskland af Roger Willke. I dag ledes [&hellip;]","og_url":"https:\/\/willke.com\/da\/danmark\/","og_site_name":"Willke Unternehmensgruppe","article_modified_time":"2022-02-01T14:52:27+00:00","twitter_card":"summary_large_image","twitter_misc":{"Estimeret l\u00e6setid":"2 minutter"},"schema":{"@context":"https:\/\/schema.org","@graph":[{"@type":"WebPage","@id":"https:\/\/willke.com\/da\/danmark\/","url":"https:\/\/willke.com\/da\/danmark\/","name":"Willke Danmark apS - Willke Unternehmensgruppe","isPartOf":{"@id":"https:\/\/willke.com\/#website"},"datePublished":"2020-05-06T18:39:25+00:00","dateModified":"2022-02-01T14:52:27+00:00","breadcrumb":{"@id":"https:\/\/willke.com\/da\/danmark\/#breadcrumb"},"inLanguage":"da-DK","potentialAction":[{"@type":"ReadAction","target":["https:\/\/willke.com\/da\/danmark\/"]}]},{"@type":"BreadcrumbList","@id":"https:\/\/willke.com\/da\/danmark\/#breadcrumb","itemListElement":[{"@type":"ListItem","position":1,"name":"Home","item":"https:\/\/willke.com\/da\/"},{"@type":"ListItem","position":2,"name":"Willke Danmark apS"}]},{"@type":"WebSite","@id":"https:\/\/willke.com\/#website","url":"https:\/\/willke.com\/","name":"Willke Unternehmensgruppe","description":"Alles rund um Gleisbau","potentialAction":[{"@type":"SearchAction","target":{"@type":"EntryPoint","urlTemplate":"https:\/\/willke.com\/?s={search_term_string}"},"query-input":{"@type":"PropertyValueSpecification","valueRequired":true,"valueName":"search_term_string"}}],"inLanguage":"da-DK"}]}},"_links":{"self":[{"href":"https:\/\/willke.com\/da\/wp-json\/wp\/v2\/pages\/3260","targetHints":{"allow":["GET"]}}],"collection":[{"href":"https:\/\/willke.com\/da\/wp-json\/wp\/v2\/pages"}],"about":[{"href":"https:\/\/willke.com\/da\/wp-json\/wp\/v2\/types\/page"}],"author":[{"embeddable":true,"href":"https:\/\/willke.com\/da\/wp-json\/wp\/v2\/users\/1"}],"replies":[{"embeddable":true,"href":"https:\/\/willke.com\/da\/wp-json\/wp\/v2\/comments?post=3260"}],"version-history":[{"count":0,"href":"https:\/\/willke.com\/da\/wp-json\/wp\/v2\/pages\/3260\/revisions"}],"wp:attachment":[{"href":"https:\/\/willke.com\/da\/wp-json\/wp\/v2\/media?parent=3260"}],"curies":[{"name":"wp","href":"https:\/\/api.w.org\/{rel}","templated":true}]}}