{"id":4053,"date":"2021-11-11T14:19:25","date_gmt":"2021-11-11T14:19:25","guid":{"rendered":"https:\/\/willke.com\/?page_id=4053"},"modified":"2021-11-11T14:19:28","modified_gmt":"2021-11-11T14:19:28","slug":"sanirail-construction","status":"publish","type":"page","link":"https:\/\/willke.com\/da\/geschaeftsbereiche\/sanirail-construction\/","title":{"rendered":"sanirail construction"},"content":{"rendered":"\n<div id=\"firmengeschichte\" class=\"wp-block-group\"><div class=\"wp-block-group__inner-container is-layout-flow wp-block-group-is-layout-flow\">\n<div class=\"wp-block-image\"><figure class=\"aligncenter size-full is-resized\"><img loading=\"lazy\" decoding=\"async\" src=\"https:\/\/willke.com\/wp-content\/uploads\/gleisbau.svg\" alt=\"\" class=\"wp-image-2052\" width=\"134\" height=\"134\"\/><\/figure><\/div>\n\n\n\n<h2 class=\"top-icon wp-block-heading\">sanirail construction<\/h2>\n\n\n\n<p>Das Familienunternehmen wurde im Jahre 2000 gegr\u00fcndet und geh\u00f6rt seit 2021 als s\u00fcdlichster Standort zur Willke Unternehmensgruppe. Wir \u00fcberzeugen unsere Kunden mit umfassender Expertise in verschiedenen Disziplinen rund ums Gleis. Von Gleisbau \u00fcber Instandhaltung bis zur Sanierung von Gleisen und Bahn\u00fcberg\u00e4ngen waren wir zun\u00e4chst haupts\u00e4chlich im s\u00fcddeutschen Raum unterwegs und erweitern unser Einsatzgebiet seitdem stetig in weitere Bundesl\u00e4nder.<\/p>\n\n\n\n<p><\/p>\n\n\n\n<p>Seit 2021 geh\u00f6rt sanirail construction zur Willke Unternehmensgruppe.<\/p>\n\n\n\n<p><\/p>\n\n\n\n<p>Weitere Informationen finden Sie auf der Website:<br><a href=\"http:\/\/www.sanirail.com\" target=\"_blank\" rel=\"noreferrer noopener\">www.sanirail.com<\/a><\/p>\n<\/div><\/div>\n\n\n\n<div id=\"firmengeschichte\" class=\"wp-block-group\"><div class=\"wp-block-group__inner-container is-layout-flow wp-block-group-is-layout-flow\">\n<h2 class=\"wp-block-heading\">Dienstleistungen<\/h2>\n\n\n\n<p>Mit einem breitgef\u00e4cherten Portfolio an Leistungen rund um Gleis- und Tiefbau \u00fcberzeugen wir tagt\u00e4glich unsere Kunden durch unseren hohen Anspruch an Qualit\u00e4t. Im Folgenden sind unsere Dienstleistungen im Detail aufgef\u00fchrt:<\/p>\n\n\n\n<p><\/p>\n\n\n\n<h4 class=\"wp-block-heading\">Instandhaltung<\/h4>\n\n\n\n<p>Gleis- und Weicheninspektionen<\/p>\n\n\n\n<p>Gleis- und Weichensanierung<\/p>\n\n\n\n<p>Kranbahnsanierung<\/p>\n\n\n\n<h4 class=\"wp-block-heading\">Gleis- und Tiefbau<\/h4>\n\n\n\n<p>Gleis- und Weichenr\u00fcckbau (mit L\u00fcckenschluss)<\/p>\n\n\n\n<p>Gleisbaunahe Tiefbauarbeiten<\/p>\n\n\n\n<p>Einbau von Hilfsbr\u00fccken und Kleinhilfsbr\u00fccken<\/p>\n\n\n\n<p>Gleis- und Weichenerneuerung<\/p>\n\n\n\n<p>Bahn\u00fcbergangserneuerung<\/p>\n<\/div><\/div>\n","protected":false},"excerpt":{"rendered":"<p>sanirail construction Das Familienunternehmen wurde im Jahre 2000 gegr\u00fcndet und geh\u00f6rt seit 2021 als s\u00fcdlichster Standort zur Willke Unternehmensgruppe. Wir \u00fcberzeugen unsere Kunden mit umfassender Expertise in verschiedenen Disziplinen rund ums Gleis. Von Gleisbau \u00fcber Instandhaltung bis zur Sanierung von Gleisen und Bahn\u00fcberg\u00e4ngen waren wir zun\u00e4chst haupts\u00e4chlich im s\u00fcddeutschen Raum unterwegs und erweitern unser Einsatzgebiet [&hellip;]<\/p>\n","protected":false},"author":10,"featured_media":0,"parent":2672,"menu_order":0,"comment_status":"closed","ping_status":"closed","template":"","meta":{"_acf_changed":false,"footnotes":""},"class_list":["post-4053","page","type-page","status-publish","hentry"],"acf":[],"yoast_head":"<!-- This site is optimized with the Yoast SEO plugin v26.9 - https:\/\/yoast.com\/product\/yoast-seo-wordpress\/ -->\n<title>sanirail construction - Willke Unternehmensgruppe<\/title>\n<meta name=\"description\" content=\"Von Gleisbau \u00fcber Instandhaltung bis zur Sanierung von Gleisen und Bahn\u00fcberg\u00e4ngen sind wir in ganz Deutschland unterwegs.\" \/>\n<meta name=\"robots\" content=\"index, follow, max-snippet:-1, max-image-preview:large, max-video-preview:-1\" \/>\n<link rel=\"canonical\" href=\"https:\/\/willke.com\/da\/geschaeftsbereiche\/sanirail-construction\/\" \/>\n<meta property=\"og:locale\" content=\"da_DK\" \/>\n<meta property=\"og:type\" content=\"article\" \/>\n<meta property=\"og:title\" content=\"sanirail construction\" \/>\n<meta property=\"og:description\" content=\"Von Gleisbau \u00fcber Instandhaltung bis zur Sanierung von Gleisen und Bahn\u00fcberg\u00e4ngen sind wir in ganz Deutschland unterwegs.\" \/>\n<meta property=\"og:url\" content=\"https:\/\/willke.com\/geschaeftsbereiche\/sanirail-construction\/\" \/>\n<meta property=\"og:site_name\" content=\"Willke Unternehmensgruppe\" \/>\n<meta property=\"article:modified_time\" content=\"2021-11-11T14:19:28+00:00\" \/>\n<meta property=\"og:image\" content=\"https:\/\/willke.com\/wp-content\/uploads\/gleisbau.svg\" \/>\n<meta name=\"twitter:card\" content=\"summary_large_image\" \/>\n<meta name=\"twitter:title\" content=\"sanirail construction\" \/>\n<meta name=\"twitter:description\" content=\"Von Gleisbau \u00fcber Instandhaltung bis zur Sanierung von Gleisen und Bahn\u00fcberg\u00e4ngen sind wir in ganz Deutschland unterwegs.\" \/>\n<meta name=\"twitter:label1\" content=\"Estimeret l\u00e6setid\" \/>\n\t<meta name=\"twitter:data1\" content=\"1 minut\" \/>\n<script type=\"application\/ld+json\" class=\"yoast-schema-graph\">{\"@context\":\"https:\/\/schema.org\",\"@graph\":[{\"@type\":\"WebPage\",\"@id\":\"https:\/\/willke.com\/geschaeftsbereiche\/sanirail-construction\/\",\"url\":\"https:\/\/willke.com\/geschaeftsbereiche\/sanirail-construction\/\",\"name\":\"sanirail construction - Willke Unternehmensgruppe\",\"isPartOf\":{\"@id\":\"https:\/\/willke.com\/#website\"},\"primaryImageOfPage\":{\"@id\":\"https:\/\/willke.com\/geschaeftsbereiche\/sanirail-construction\/#primaryimage\"},\"image\":{\"@id\":\"https:\/\/willke.com\/geschaeftsbereiche\/sanirail-construction\/#primaryimage\"},\"thumbnailUrl\":\"https:\/\/willke.com\/wp-content\/uploads\/gleisbau.svg\",\"datePublished\":\"2021-11-11T14:19:25+00:00\",\"dateModified\":\"2021-11-11T14:19:28+00:00\",\"description\":\"Von Gleisbau \u00fcber Instandhaltung bis zur Sanierung von Gleisen und Bahn\u00fcberg\u00e4ngen sind wir in ganz Deutschland unterwegs.\",\"breadcrumb\":{\"@id\":\"https:\/\/willke.com\/geschaeftsbereiche\/sanirail-construction\/#breadcrumb\"},\"inLanguage\":\"da-DK\",\"potentialAction\":[{\"@type\":\"ReadAction\",\"target\":[\"https:\/\/willke.com\/geschaeftsbereiche\/sanirail-construction\/\"]}]},{\"@type\":\"ImageObject\",\"inLanguage\":\"da-DK\",\"@id\":\"https:\/\/willke.com\/geschaeftsbereiche\/sanirail-construction\/#primaryimage\",\"url\":\"https:\/\/willke.com\/wp-content\/uploads\/gleisbau.svg\",\"contentUrl\":\"https:\/\/willke.com\/wp-content\/uploads\/gleisbau.svg\"},{\"@type\":\"BreadcrumbList\",\"@id\":\"https:\/\/willke.com\/geschaeftsbereiche\/sanirail-construction\/#breadcrumb\",\"itemListElement\":[{\"@type\":\"ListItem\",\"position\":1,\"name\":\"Home\",\"item\":\"https:\/\/willke.com\/da\/\"},{\"@type\":\"ListItem\",\"position\":2,\"name\":\"Gesch\u00e4ftsbereiche\",\"item\":\"https:\/\/willke.com\/geschaeftsbereiche\/\"},{\"@type\":\"ListItem\",\"position\":3,\"name\":\"sanirail construction\"}]},{\"@type\":\"WebSite\",\"@id\":\"https:\/\/willke.com\/#website\",\"url\":\"https:\/\/willke.com\/\",\"name\":\"Willke Unternehmensgruppe\",\"description\":\"Alles rund um Gleisbau\",\"potentialAction\":[{\"@type\":\"SearchAction\",\"target\":{\"@type\":\"EntryPoint\",\"urlTemplate\":\"https:\/\/willke.com\/?s={search_term_string}\"},\"query-input\":{\"@type\":\"PropertyValueSpecification\",\"valueRequired\":true,\"valueName\":\"search_term_string\"}}],\"inLanguage\":\"da-DK\"}]}<\/script>\n<!-- \/ Yoast SEO plugin. -->","yoast_head_json":{"title":"sanirail construction - Willke Unternehmensgruppe","description":"Von Gleisbau \u00fcber Instandhaltung bis zur Sanierung von Gleisen und Bahn\u00fcberg\u00e4ngen sind wir in ganz Deutschland unterwegs.","robots":{"index":"index","follow":"follow","max-snippet":"max-snippet:-1","max-image-preview":"max-image-preview:large","max-video-preview":"max-video-preview:-1"},"canonical":"https:\/\/willke.com\/da\/geschaeftsbereiche\/sanirail-construction\/","og_locale":"da_DK","og_type":"article","og_title":"sanirail construction","og_description":"Von Gleisbau \u00fcber Instandhaltung bis zur Sanierung von Gleisen und Bahn\u00fcberg\u00e4ngen sind wir in ganz Deutschland unterwegs.","og_url":"https:\/\/willke.com\/geschaeftsbereiche\/sanirail-construction\/","og_site_name":"Willke Unternehmensgruppe","article_modified_time":"2021-11-11T14:19:28+00:00","og_image":[{"url":"https:\/\/willke.com\/wp-content\/uploads\/gleisbau.svg","type":"","width":"","height":""}],"twitter_card":"summary_large_image","twitter_title":"sanirail construction","twitter_description":"Von Gleisbau \u00fcber Instandhaltung bis zur Sanierung von Gleisen und Bahn\u00fcberg\u00e4ngen sind wir in ganz Deutschland unterwegs.","twitter_misc":{"Estimeret l\u00e6setid":"1 minut"},"schema":{"@context":"https:\/\/schema.org","@graph":[{"@type":"WebPage","@id":"https:\/\/willke.com\/geschaeftsbereiche\/sanirail-construction\/","url":"https:\/\/willke.com\/geschaeftsbereiche\/sanirail-construction\/","name":"sanirail construction - Willke Unternehmensgruppe","isPartOf":{"@id":"https:\/\/willke.com\/#website"},"primaryImageOfPage":{"@id":"https:\/\/willke.com\/geschaeftsbereiche\/sanirail-construction\/#primaryimage"},"image":{"@id":"https:\/\/willke.com\/geschaeftsbereiche\/sanirail-construction\/#primaryimage"},"thumbnailUrl":"https:\/\/willke.com\/wp-content\/uploads\/gleisbau.svg","datePublished":"2021-11-11T14:19:25+00:00","dateModified":"2021-11-11T14:19:28+00:00","description":"Von Gleisbau \u00fcber Instandhaltung bis zur Sanierung von Gleisen und Bahn\u00fcberg\u00e4ngen sind wir in ganz Deutschland unterwegs.","breadcrumb":{"@id":"https:\/\/willke.com\/geschaeftsbereiche\/sanirail-construction\/#breadcrumb"},"inLanguage":"da-DK","potentialAction":[{"@type":"ReadAction","target":["https:\/\/willke.com\/geschaeftsbereiche\/sanirail-construction\/"]}]},{"@type":"ImageObject","inLanguage":"da-DK","@id":"https:\/\/willke.com\/geschaeftsbereiche\/sanirail-construction\/#primaryimage","url":"https:\/\/willke.com\/wp-content\/uploads\/gleisbau.svg","contentUrl":"https:\/\/willke.com\/wp-content\/uploads\/gleisbau.svg"},{"@type":"BreadcrumbList","@id":"https:\/\/willke.com\/geschaeftsbereiche\/sanirail-construction\/#breadcrumb","itemListElement":[{"@type":"ListItem","position":1,"name":"Home","item":"https:\/\/willke.com\/da\/"},{"@type":"ListItem","position":2,"name":"Gesch\u00e4ftsbereiche","item":"https:\/\/willke.com\/geschaeftsbereiche\/"},{"@type":"ListItem","position":3,"name":"sanirail construction"}]},{"@type":"WebSite","@id":"https:\/\/willke.com\/#website","url":"https:\/\/willke.com\/","name":"Willke Unternehmensgruppe","description":"Alles rund um Gleisbau","potentialAction":[{"@type":"SearchAction","target":{"@type":"EntryPoint","urlTemplate":"https:\/\/willke.com\/?s={search_term_string}"},"query-input":{"@type":"PropertyValueSpecification","valueRequired":true,"valueName":"search_term_string"}}],"inLanguage":"da-DK"}]}},"_links":{"self":[{"href":"https:\/\/willke.com\/da\/wp-json\/wp\/v2\/pages\/4053","targetHints":{"allow":["GET"]}}],"collection":[{"href":"https:\/\/willke.com\/da\/wp-json\/wp\/v2\/pages"}],"about":[{"href":"https:\/\/willke.com\/da\/wp-json\/wp\/v2\/types\/page"}],"author":[{"embeddable":true,"href":"https:\/\/willke.com\/da\/wp-json\/wp\/v2\/users\/10"}],"replies":[{"embeddable":true,"href":"https:\/\/willke.com\/da\/wp-json\/wp\/v2\/comments?post=4053"}],"version-history":[{"count":0,"href":"https:\/\/willke.com\/da\/wp-json\/wp\/v2\/pages\/4053\/revisions"}],"up":[{"embeddable":true,"href":"https:\/\/willke.com\/da\/wp-json\/wp\/v2\/pages\/2672"}],"wp:attachment":[{"href":"https:\/\/willke.com\/da\/wp-json\/wp\/v2\/media?parent=4053"}],"curies":[{"name":"wp","href":"https:\/\/api.w.org\/{rel}","templated":true}]}}