{"id":5147,"date":"2017-05-30T01:43:51","date_gmt":"2017-05-30T01:43:51","guid":{"rendered":"https:\/\/willke.com\/innovations\/"},"modified":"2017-05-30T01:43:51","modified_gmt":"2017-05-30T01:43:51","slug":"innovations","status":"publish","type":"page","link":"https:\/\/willke.com\/da\/innovations\/","title":{"rendered":"Innovations"},"content":{"rendered":"\n<div class=\"wp-block-group\"><div class=\"wp-block-group__inner-container is-layout-flow wp-block-group-is-layout-flow\">\n<h1 class=\"wp-block-heading\"><strong>Innovations<\/strong><br>coldheat200<\/h1>\n<\/div><\/div>\n\n\n\n<figure class=\"wp-block-embed-youtube aligncenter wp-block-embed is-type-video is-provider-youtube wp-embed-aspect-16-9 wp-has-aspect-ratio\"><div class=\"wp-block-embed__wrapper\">\n <div class=\"brlbs-cmpnt-container brlbs-cmpnt-content-blocker brlbs-cmpnt-with-individual-styles\" data-borlabs-cookie-content-blocker-id=\"youtube-content-blocker\" data-borlabs-cookie-content=\"PGlmcmFtZSB0aXRsZT0iV2lsbGtlIENvbGRoZWF0MjAwIiB3aWR0aD0iNjQwIiBoZWlnaHQ9IjM2MCIgc3JjPSJodHRwczovL3d3dy55b3V0dWJlLW5vY29va2llLmNvbS9lbWJlZC9zanpRRUIzVEdPRT9mZWF0dXJlPW9lbWJlZCIgZnJhbWVib3JkZXI9IjAiIGFsbG93PSJhY2NlbGVyb21ldGVyOyBhdXRvcGxheTsgY2xpcGJvYXJkLXdyaXRlOyBlbmNyeXB0ZWQtbWVkaWE7IGd5cm9zY29wZTsgcGljdHVyZS1pbi1waWN0dXJlOyB3ZWItc2hhcmUiIHJlZmVycmVycG9saWN5PSJzdHJpY3Qtb3JpZ2luLXdoZW4tY3Jvc3Mtb3JpZ2luIiBhbGxvd2Z1bGxzY3JlZW4+PC9pZnJhbWU+\"><div class=\"brlbs-cmpnt-cb-preset-c brlbs-cmpnt-cb-youtube\"> <div class=\"brlbs-cmpnt-cb-thumbnail\" style=\"background-image: url('https:\/\/willke.com\/wp-content\/uploads\/borlabs-cookie\/1\/yt_sjzQEB3TGOE_hqdefault.jpg')\"><\/div> <div class=\"brlbs-cmpnt-cb-main\"> <div class=\"brlbs-cmpnt-cb-play-button\"><\/div> <div class=\"brlbs-cmpnt-cb-content\"> <p class=\"brlbs-cmpnt-cb-description\">Du ser i \u00f8jeblikket pladsholderindhold fra <strong>YouTube<\/strong>. Klik p\u00e5 knappen nedenfor for at f\u00e5 adgang til det faktiske indhold. Bem\u00e6rk, at dette vil dele data med tredjepartsudbydere.<\/p> <a class=\"brlbs-cmpnt-cb-provider-toggle\" href=\"#\" data-borlabs-cookie-show-provider-information role=\"button\">Flere oplysninger<\/a> <\/div> <div class=\"brlbs-cmpnt-cb-buttons\"> <a class=\"brlbs-cmpnt-cb-btn\" href=\"#\" data-borlabs-cookie-unblock role=\"button\">Fjern indholdsblokering<\/a> <a class=\"brlbs-cmpnt-cb-btn\" href=\"#\" data-borlabs-cookie-accept-service role=\"button\" style=\"display: inherit\">Accept\u00e9r p\u00e5kr\u00e6vet service, og fjern blokering af indhold<\/a> <\/div> <\/div> <\/div><\/div>\n<\/div><\/figure>\n\n\n\n<p>The invention of the Coldheat200 concerns a welding process for weld cladding of elastically supported or electrically insulated Vignole or grooved rails. During this process, the entire rail section that is meant to be provided with weld cladding is heated by the means of a magnetic field, generated by an induction cable that is placed on the rail.<\/p>\n\n\n\n<p>With the known welding methods of such rails, the occurring temperatures are considerably higher than 200\u00b0C. With the invention of the Coldheat200, a defined heat and precise temperature monitoring is being utilised. Existing materials are not damaged, defects and wear and tear of the rails can thus be eliminated and their life cycle extended &#8211; regardless of the type of system installed and even applicable to city railway tracks without any problems.<\/p>\n\n\n\n<p>A constant rail temperature over the entire length of the section that needs to be welded is achieved by lifting the longitudinal inductors from the rail at the start of the welding process and placing them back on the rail after the welding process is completed.<\/p>\n\n\n\n<figure class=\"wp-block-gallery columns-3 is-cropped wp-block-gallery-1 is-layout-flex wp-block-gallery-is-layout-flex\"><ul class=\"blocks-gallery-grid\"><li class=\"blocks-gallery-item\"><figure><a data-size=\"783x587\" href=\"https:\/\/willke.com\/wp-content\/uploads\/Coldheat-03.jpg\"><img loading=\"lazy\" decoding=\"async\" width=\"420\" height=\"280\" src=\"https:\/\/willke.com\/wp-content\/uploads\/Coldheat-03-420x280.jpg\" alt=\"\" data-id=\"2825\" data-full-url=\"https:\/\/willke.com\/wp-content\/uploads\/Coldheat-03.jpg\" data-link=\"https:\/\/willke.com\/en\/innovationen\/coldheat-03-2\/\" class=\"wp-image-2825\"\/><\/a><\/figure><\/li><li class=\"blocks-gallery-item\"><figure><a data-size=\"753x772\" href=\"https:\/\/willke.com\/wp-content\/uploads\/Coldheat-02.jpg\"><img loading=\"lazy\" decoding=\"async\" width=\"420\" height=\"280\" src=\"https:\/\/willke.com\/wp-content\/uploads\/Coldheat-02-420x280.jpg\" alt=\"\" data-id=\"2824\" data-full-url=\"https:\/\/willke.com\/wp-content\/uploads\/Coldheat-02.jpg\" data-link=\"https:\/\/willke.com\/en\/innovationen\/coldheat-02-2\/\" class=\"wp-image-2824\"\/><\/a><\/figure><\/li><li class=\"blocks-gallery-item\"><figure><a data-size=\"2000x1969\" href=\"https:\/\/willke.com\/wp-content\/uploads\/Slider_12.jpg\"><img loading=\"lazy\" decoding=\"async\" width=\"420\" height=\"280\" src=\"https:\/\/willke.com\/wp-content\/uploads\/Slider_12-420x280.jpg\" alt=\"\" data-id=\"2788\" data-full-url=\"https:\/\/willke.com\/wp-content\/uploads\/Slider_12.jpg\" data-link=\"https:\/\/willke.com\/en\/?attachment_id=2788\" class=\"wp-image-2788\"\/><\/a><\/figure><\/li><\/ul><\/figure>\n\n\n\n<p>The course of the welding process is being documented by the means of an on-board computer with all its parameters (welding speed, wire feed, power, voltage) &#8211; before, during and after the welding process. Thus, the welding process can be traced and the procedure can be repeated at any time, furthermore a constant quality is guaranteed.<\/p>\n\n\n\n<p>The device for carrying out the welding process is adjustable and is arranged transversely to the rail that needs to be provided with weld cladding. Due to the telescopic adjustment possibility, the width of the device can be adapted to the gauge of the track formed by the rail to be welded on, for example to a track dimension of 1000mm to 1500mm.<\/p>\n\n\n\n<p>The gear of the Coldheat200 consists of six wheels, which are individually suspended and electrically insulated from each other. Therefore, there is no electrical connection between the wheels on either side. At least one of the wheels, which are placed on the rail that needs to be welded, is connected to a drive unit. The wheels can be moved on the rail head and are kept in the correct track by guide drifts, which are arranged inside the groove. This enables the Coldheat200 to travel accurately through the track without constraints, even on curved rails.<\/p>\n","protected":false},"excerpt":{"rendered":"<p>Innovationscoldheat200 The invention of the Coldheat200 concerns a welding process for weld cladding of elastically supported or electrically insulated Vignole or grooved rails. During this process, the entire rail section that is meant to be provided with weld cladding is heated by the means of a magnetic field, generated by an induction cable that is [&hellip;]<\/p>\n","protected":false},"author":1,"featured_media":0,"parent":0,"menu_order":0,"comment_status":"closed","ping_status":"closed","template":"","meta":{"_acf_changed":false,"footnotes":""},"class_list":["post-5147","page","type-page","status-publish","hentry"],"acf":[],"yoast_head":"<!-- This site is optimized with the Yoast SEO plugin v26.9 - https:\/\/yoast.com\/product\/yoast-seo-wordpress\/ -->\n<title>Innovations - Willke Unternehmensgruppe<\/title>\n<meta name=\"robots\" content=\"index, follow, max-snippet:-1, max-image-preview:large, max-video-preview:-1\" \/>\n<link rel=\"canonical\" href=\"https:\/\/willke.com\/da\/innovations\/\" \/>\n<meta property=\"og:locale\" content=\"da_DK\" \/>\n<meta property=\"og:type\" content=\"article\" \/>\n<meta property=\"og:title\" content=\"Innovations - Willke Unternehmensgruppe\" \/>\n<meta property=\"og:description\" content=\"Innovationscoldheat200 The invention of the Coldheat200 concerns a welding process for weld cladding of elastically supported or electrically insulated Vignole or grooved rails. During this process, the entire rail section that is meant to be provided with weld cladding is heated by the means of a magnetic field, generated by an induction cable that is [&hellip;]\" \/>\n<meta property=\"og:url\" content=\"https:\/\/willke.com\/da\/innovations\/\" \/>\n<meta property=\"og:site_name\" content=\"Willke Unternehmensgruppe\" \/>\n<meta property=\"og:image\" content=\"https:\/\/willke.com\/wp-content\/uploads\/Coldheat-03-420x280.jpg\" \/>\n<meta name=\"twitter:card\" content=\"summary_large_image\" \/>\n<meta name=\"twitter:label1\" content=\"Estimeret l\u00e6setid\" \/>\n\t<meta name=\"twitter:data1\" content=\"2 minutter\" \/>\n<script type=\"application\/ld+json\" class=\"yoast-schema-graph\">{\"@context\":\"https:\/\/schema.org\",\"@graph\":[{\"@type\":\"WebPage\",\"@id\":\"https:\/\/willke.com\/da\/innovations\/\",\"url\":\"https:\/\/willke.com\/da\/innovations\/\",\"name\":\"Innovations - Willke Unternehmensgruppe\",\"isPartOf\":{\"@id\":\"https:\/\/willke.com\/#website\"},\"primaryImageOfPage\":{\"@id\":\"https:\/\/willke.com\/da\/innovations\/#primaryimage\"},\"image\":{\"@id\":\"https:\/\/willke.com\/da\/innovations\/#primaryimage\"},\"thumbnailUrl\":\"https:\/\/willke.com\/wp-content\/uploads\/Coldheat-03-420x280.jpg\",\"datePublished\":\"2017-05-30T01:43:51+00:00\",\"breadcrumb\":{\"@id\":\"https:\/\/willke.com\/da\/innovations\/#breadcrumb\"},\"inLanguage\":\"da-DK\",\"potentialAction\":[{\"@type\":\"ReadAction\",\"target\":[\"https:\/\/willke.com\/da\/innovations\/\"]}]},{\"@type\":\"ImageObject\",\"inLanguage\":\"da-DK\",\"@id\":\"https:\/\/willke.com\/da\/innovations\/#primaryimage\",\"url\":\"https:\/\/willke.com\/wp-content\/uploads\/Coldheat-03-420x280.jpg\",\"contentUrl\":\"https:\/\/willke.com\/wp-content\/uploads\/Coldheat-03-420x280.jpg\"},{\"@type\":\"BreadcrumbList\",\"@id\":\"https:\/\/willke.com\/da\/innovations\/#breadcrumb\",\"itemListElement\":[{\"@type\":\"ListItem\",\"position\":1,\"name\":\"Home\",\"item\":\"https:\/\/willke.com\/da\/\"},{\"@type\":\"ListItem\",\"position\":2,\"name\":\"Innovations\"}]},{\"@type\":\"WebSite\",\"@id\":\"https:\/\/willke.com\/#website\",\"url\":\"https:\/\/willke.com\/\",\"name\":\"Willke Unternehmensgruppe\",\"description\":\"Alles rund um Gleisbau\",\"potentialAction\":[{\"@type\":\"SearchAction\",\"target\":{\"@type\":\"EntryPoint\",\"urlTemplate\":\"https:\/\/willke.com\/?s={search_term_string}\"},\"query-input\":{\"@type\":\"PropertyValueSpecification\",\"valueRequired\":true,\"valueName\":\"search_term_string\"}}],\"inLanguage\":\"da-DK\"}]}<\/script>\n<!-- \/ Yoast SEO plugin. -->","yoast_head_json":{"title":"Innovations - Willke Unternehmensgruppe","robots":{"index":"index","follow":"follow","max-snippet":"max-snippet:-1","max-image-preview":"max-image-preview:large","max-video-preview":"max-video-preview:-1"},"canonical":"https:\/\/willke.com\/da\/innovations\/","og_locale":"da_DK","og_type":"article","og_title":"Innovations - Willke Unternehmensgruppe","og_description":"Innovationscoldheat200 The invention of the Coldheat200 concerns a welding process for weld cladding of elastically supported or electrically insulated Vignole or grooved rails. During this process, the entire rail section that is meant to be provided with weld cladding is heated by the means of a magnetic field, generated by an induction cable that is [&hellip;]","og_url":"https:\/\/willke.com\/da\/innovations\/","og_site_name":"Willke Unternehmensgruppe","og_image":[{"url":"https:\/\/willke.com\/wp-content\/uploads\/Coldheat-03-420x280.jpg","type":"","width":"","height":""}],"twitter_card":"summary_large_image","twitter_misc":{"Estimeret l\u00e6setid":"2 minutter"},"schema":{"@context":"https:\/\/schema.org","@graph":[{"@type":"WebPage","@id":"https:\/\/willke.com\/da\/innovations\/","url":"https:\/\/willke.com\/da\/innovations\/","name":"Innovations - Willke Unternehmensgruppe","isPartOf":{"@id":"https:\/\/willke.com\/#website"},"primaryImageOfPage":{"@id":"https:\/\/willke.com\/da\/innovations\/#primaryimage"},"image":{"@id":"https:\/\/willke.com\/da\/innovations\/#primaryimage"},"thumbnailUrl":"https:\/\/willke.com\/wp-content\/uploads\/Coldheat-03-420x280.jpg","datePublished":"2017-05-30T01:43:51+00:00","breadcrumb":{"@id":"https:\/\/willke.com\/da\/innovations\/#breadcrumb"},"inLanguage":"da-DK","potentialAction":[{"@type":"ReadAction","target":["https:\/\/willke.com\/da\/innovations\/"]}]},{"@type":"ImageObject","inLanguage":"da-DK","@id":"https:\/\/willke.com\/da\/innovations\/#primaryimage","url":"https:\/\/willke.com\/wp-content\/uploads\/Coldheat-03-420x280.jpg","contentUrl":"https:\/\/willke.com\/wp-content\/uploads\/Coldheat-03-420x280.jpg"},{"@type":"BreadcrumbList","@id":"https:\/\/willke.com\/da\/innovations\/#breadcrumb","itemListElement":[{"@type":"ListItem","position":1,"name":"Home","item":"https:\/\/willke.com\/da\/"},{"@type":"ListItem","position":2,"name":"Innovations"}]},{"@type":"WebSite","@id":"https:\/\/willke.com\/#website","url":"https:\/\/willke.com\/","name":"Willke Unternehmensgruppe","description":"Alles rund um Gleisbau","potentialAction":[{"@type":"SearchAction","target":{"@type":"EntryPoint","urlTemplate":"https:\/\/willke.com\/?s={search_term_string}"},"query-input":{"@type":"PropertyValueSpecification","valueRequired":true,"valueName":"search_term_string"}}],"inLanguage":"da-DK"}]}},"_links":{"self":[{"href":"https:\/\/willke.com\/da\/wp-json\/wp\/v2\/pages\/5147","targetHints":{"allow":["GET"]}}],"collection":[{"href":"https:\/\/willke.com\/da\/wp-json\/wp\/v2\/pages"}],"about":[{"href":"https:\/\/willke.com\/da\/wp-json\/wp\/v2\/types\/page"}],"author":[{"embeddable":true,"href":"https:\/\/willke.com\/da\/wp-json\/wp\/v2\/users\/1"}],"replies":[{"embeddable":true,"href":"https:\/\/willke.com\/da\/wp-json\/wp\/v2\/comments?post=5147"}],"version-history":[{"count":0,"href":"https:\/\/willke.com\/da\/wp-json\/wp\/v2\/pages\/5147\/revisions"}],"wp:attachment":[{"href":"https:\/\/willke.com\/da\/wp-json\/wp\/v2\/media?parent=5147"}],"curies":[{"name":"wp","href":"https:\/\/api.w.org\/{rel}","templated":true}]}}