{"id":5154,"date":"2017-05-23T14:53:57","date_gmt":"2017-05-23T14:53:57","guid":{"rendered":"https:\/\/willke.com\/about-us\/"},"modified":"2017-05-23T14:53:57","modified_gmt":"2017-05-23T14:53:57","slug":"about-us","status":"publish","type":"page","link":"https:\/\/willke.com\/da\/about-us\/","title":{"rendered":"About us"},"content":{"rendered":"\n<div class=\"wp-block-group\" id=\"company-history\"><div class=\"wp-block-group__inner-container is-layout-flow wp-block-group-is-layout-flow\">\n<h1 class=\"wp-block-heading\">About us<\/h1>\n\n\n\n<h2 class=\"no-border wp-block-heading\">Company history<\/h2>\n\n\n\n<p>The company history of the Willke Group began in 1979 in a farmhouse in Wittorf near L\u00fcneburg. Since then we have grown significantly, and our structures have changed. But one thing remains unchanged: What really counts are our satisfied customers. They know what the name Willke stood and still stands for in railway construction: for quality work delivered with pinpoint precision.<\/p>\n\n\n\n<p>We started out with ten employees in 1978 &#8211; people full of ideas and with the ambition to offer compact services in railway construction. This philosophy has been well received, which is why there are now over 250 people working for us, some of which were part of the initial team.<\/p>\n\n\n\n<p>Today the Willke corporate group consists of 8 associated companies which are organised into 7 specialised divisions of railway construction. Because of this structure, we are able to provide all services surrounding the topic of railway construction from one source and implement them professionally throughout Europe.<\/p>\n<\/div><\/div>\n\n\n\n<div class=\"wp-block-group\" id=\"the-willke-way\"><div class=\"wp-block-group__inner-container is-layout-flow wp-block-group-is-layout-flow\">\n<h2 class=\"wp-block-heading\" id=\"der-willke-weg\">The Willke&nbsp;Way<\/h2>\n\n\n\n<h3 class=\"wp-block-heading\">The mission statement<\/h3>\n\n\n\n<h4 class=\"wp-block-heading\">Know-how in every aspect of rail construction<\/h4>\n\n\n\n<p>As the industry changes, so do we. Willke rail construction has completed a generational change several years ago. With the new generation, the family business continues to develop and has already gained several new company divisions. Thus, the company has grown more and more into a full-range supplier for all aspects of rail construction. Willke Holding has been able to expand its core competencies with track welding technology, overhead line construction and railway logistics with its own railway yard.<\/p>\n\n\n\n<p>Well, something new is not simply good because it is new. That is why going forward we will continue to preserve the decades of experience and tradition of our family business. Today, as then, we always stay on the right track<\/p>\n\n\n\n<h4 class=\"wp-block-heading\">Precise railway construction.<\/h4>\n\n\n\n<p>Even though it is so intricate, a clockwork embodies the principles of our work very accurately: tracks that weigh several tons are fitted with millimeter precision. During this process, countless different operations must interlock perfectly. If just one wheel is incorrectly adjusted, the whole system breaks down.<\/p>\n\n\n\n<p>On our construction sites, outstanding engineers and experienced track layers are working precisely, conscientiously and professionally on technically and logistically highly complex tasks. Anyone who has ever been to a rail construction site knows how fitting the image of a clockwork is. Anyone who has ever seen the enormous machine park knows how complex the planning is. And anyone who has experienced how hard and challenging this type of work is knows what we accomplish. That is rail construction.<\/p>\n\n\n\n<figure class=\"wp-block-image size-gallery_big is-style-default\"><img loading=\"lazy\" decoding=\"async\" width=\"640\" height=\"430\" src=\"https:\/\/willke.com\/wp-content\/uploads\/willke-1-640x430.jpg\" alt=\"\" class=\"wp-image-2883\"\/><\/figure>\n<\/div><\/div>\n\n\n\n<div class=\"wp-block-group\" id=\"references\"><div class=\"wp-block-group__inner-container is-layout-flow wp-block-group-is-layout-flow\">\n<h2 class=\"wp-block-heading\">References<\/h2>\n\n\n\n<h3 class=\"wp-block-heading\">Track our accomplishments below.<\/h3>\n\n\n<section class=\"grid grid-photos bg-black grid-gallery grid-referenzen\"><div class=\"grid-item no-thumb\"><div class=\"grid-item-inner\"><div class=\"grid-bg\" style=\"background-image:url();\"><\/div><h3 class=\"grid-title\">Gleis- und Tiefbauarbeiten VPS Infrastruktur Salzgitter<\/h3><div class=\"button-wrapper\"><a class=\"button button-red\" href=\"https:\/\/willke.com\/da\/referenzen\/gleis-und-tiefbauarbeiten-vps-infrastruktur\/\" data-lb-content=\"ajax\" data-lb-ajax-url=\"https:\/\/willke.com\/da\/referenzen\/gleis-und-tiefbauarbeiten-vps-infrastruktur\/ #entry-content\" data-lb-max-w=\"1280px\" data-lb-title=\"<h3 class='text-center'>Gleis- und Tiefbauarbeiten VPS Infrastruktur Salzgitter<\/h3>\">mehr<\/a><\/div><\/div><\/div><div class=\"grid-item no-thumb\"><div class=\"grid-item-inner\"><div class=\"grid-bg\" style=\"background-image:url();\"><\/div><h3 class=\"grid-title\">Gleis- und Weichenerneuerung R\u00fchme-Gliesmarode<\/h3><div class=\"button-wrapper\"><a class=\"button button-red\" href=\"https:\/\/willke.com\/da\/referenzen\/gleisbau-ruehme-gliesmarode\/\" data-lb-content=\"ajax\" data-lb-ajax-url=\"https:\/\/willke.com\/da\/referenzen\/gleisbau-ruehme-gliesmarode\/ #entry-content\" data-lb-max-w=\"1280px\" data-lb-title=\"<h3 class='text-center'>Gleis- und Weichenerneuerung R\u00fchme-Gliesmarode<\/h3>\">mehr<\/a><\/div><\/div><\/div><div class=\"grid-item no-thumb\"><div class=\"grid-item-inner\"><div class=\"grid-bg\" style=\"background-image:url();\"><\/div><h3 class=\"grid-title\">Gleisbauarbeiten ARGE Northeim<\/h3><div class=\"button-wrapper\"><a class=\"button button-red\" href=\"https:\/\/willke.com\/da\/referenzen\/gleisbauarbeiten-arge-northeim\/\" data-lb-content=\"ajax\" data-lb-ajax-url=\"https:\/\/willke.com\/da\/referenzen\/gleisbauarbeiten-arge-northeim\/ #entry-content\" data-lb-max-w=\"1280px\" data-lb-title=\"<h3 class='text-center'>Gleisbauarbeiten ARGE Northeim<\/h3>\">mehr<\/a><\/div><\/div><\/div><div class=\"grid-item no-thumb\"><div class=\"grid-item-inner\"><div class=\"grid-bg\" style=\"background-image:url();\"><\/div><h3 class=\"grid-title\">Gleis- und Weichenerneuerung auf Westerland<\/h3><div class=\"button-wrapper\"><a class=\"button button-red\" href=\"https:\/\/willke.com\/da\/referenzen\/gleis-und-weichenerneuerung-westerland\/\" data-lb-content=\"ajax\" data-lb-ajax-url=\"https:\/\/willke.com\/da\/referenzen\/gleis-und-weichenerneuerung-westerland\/ #entry-content\" data-lb-max-w=\"1280px\" data-lb-title=\"<h3 class='text-center'>Gleis- und Weichenerneuerung auf Westerland<\/h3>\">mehr<\/a><\/div><\/div><\/div><div class=\"grid-item no-thumb\"><div class=\"grid-item-inner\"><div class=\"grid-bg\" style=\"background-image:url();\"><\/div><h3 class=\"grid-title\">Gleisneubau der Verkehrsanbindung Burchardkai in Hamburg<\/h3><div class=\"button-wrapper\"><a class=\"button button-red\" href=\"https:\/\/willke.com\/da\/referenzen\/gleisneubau-verkehrsanbindung-burchardkai\/\" data-lb-content=\"ajax\" data-lb-ajax-url=\"https:\/\/willke.com\/da\/referenzen\/gleisneubau-verkehrsanbindung-burchardkai\/ #entry-content\" data-lb-max-w=\"1280px\" data-lb-title=\"<h3 class='text-center'>Gleisneubau der Verkehrsanbindung Burchardkai in Hamburg<\/h3>\">mehr<\/a><\/div><\/div><\/div><div class=\"grid-item has-thumb\"><div class=\"grid-item-inner\"><div class=\"grid-bg\" style=\"background-image:url(https:\/\/willke.com\/wp-content\/uploads\/2-4-1024x576.jpg);\"><\/div><h3 class=\"grid-title\">Weichentrapez und Kabeltiefbau S-Bahn Berliner Tor<\/h3><div class=\"button-wrapper\"><a class=\"button button-red\" href=\"https:\/\/willke.com\/da\/referenzen\/weichentrapez-und-kabeltiefbau-s-bahn-berliner-tor\/\" data-lb-content=\"ajax\" data-lb-ajax-url=\"https:\/\/willke.com\/da\/referenzen\/weichentrapez-und-kabeltiefbau-s-bahn-berliner-tor\/ #entry-content\" data-lb-max-w=\"1280px\" data-lb-title=\"<h3 class='text-center'>Weichentrapez und Kabeltiefbau S-Bahn Berliner Tor<\/h3>\">mehr<\/a><\/div><\/div><\/div><div class=\"grid-item no-thumb\"><div class=\"grid-item-inner\"><div class=\"grid-bg\" style=\"background-image:url();\"><\/div><h3 class=\"grid-title\">Bahnanbindung Rethebr\u00fccke<\/h3><div class=\"button-wrapper\"><a class=\"button button-red\" href=\"https:\/\/willke.com\/da\/referenzen\/bahnanbindung-neubau-rethebruecke\/\" data-lb-content=\"ajax\" data-lb-ajax-url=\"https:\/\/willke.com\/da\/referenzen\/bahnanbindung-neubau-rethebruecke\/ #entry-content\" data-lb-max-w=\"1280px\" data-lb-title=\"<h3 class='text-center'>Bahnanbindung Rethebr\u00fccke<\/h3>\">mehr<\/a><\/div><\/div><\/div><div class=\"grid-item no-thumb\"><div class=\"grid-item-inner\"><div class=\"grid-bg\" style=\"background-image:url();\"><\/div><h3 class=\"grid-title\">Gleis- und Weichenerneuerung Bahnhof Waltershof<\/h3><div class=\"button-wrapper\"><a class=\"button button-red\" href=\"https:\/\/willke.com\/da\/referenzen\/gleis-und-weichenerneuerung-waltershof\/\" data-lb-content=\"ajax\" data-lb-ajax-url=\"https:\/\/willke.com\/da\/referenzen\/gleis-und-weichenerneuerung-waltershof\/ #entry-content\" data-lb-max-w=\"1280px\" data-lb-title=\"<h3 class='text-center'>Gleis- und Weichenerneuerung Bahnhof Waltershof<\/h3>\">mehr<\/a><\/div><\/div><\/div><\/section>\n\n\n\n<div class=\"wp-block-buttons is-layout-flex wp-block-buttons-is-layout-flex\">\n<div class=\"wp-block-button is-style-fill\"><a class=\"wp-block-button__link\" href=\"\/en\/references\/\">All references<\/a><\/div>\n<\/div>\n<\/div><\/div>\n\n\n\n<div class=\"wp-block-group\" id=\"prequalification\"><div class=\"wp-block-group__inner-container is-layout-flow wp-block-group-is-layout-flow\">\n<h2 class=\"wp-block-heading\">Prequalification<\/h2>\n\n\n<section class=\"grid grid-photos grid-gallery grid-zertifikate grid-logos bg-grau\"><div class=\"grid-item has-thumb\"><div class=\"grid-item-inner bg-grau\"><div class=\"grid-bg\" style=\"background-image:url(https:\/\/willke.com\/wp-content\/uploads\/Logo-DB-Mobility-Logistics-300x300.png);\"><\/div><h3 class=\"grid-title\">Pr\u00e4qualifikation &#8211; Bauleistungen f\u00fcr Kabel<\/h3><div class=\"button-wrapper\"><a class=\"button button-download-pdf\" href=\"https:\/\/willke.com\/wp-content\/uploads\/PQ_DB_Kabelbau_03-2028-2.pdf\" target=\"_blank\">Download PDF<\/a><\/div><\/div><\/div><div class=\"grid-item has-thumb\"><div class=\"grid-item-inner bg-grau\"><div class=\"grid-bg\" style=\"background-image:url(https:\/\/willke.com\/wp-content\/uploads\/Logo-DB-Mobility-Logistics-300x300.png);\"><\/div><h3 class=\"grid-title\">Pr\u00e4qualifikation &#8211; Allgemeiner Erd- und Tiefbau<\/h3><div class=\"button-wrapper\"><a class=\"button button-download-pdf\" href=\"https:\/\/willke.com\/wp-content\/uploads\/PQ_DB_Allgemeiner-Erd-und-Tiefbau_03-2028-2.pdf\" target=\"_blank\">Download PDF<\/a><\/div><\/div><\/div><div class=\"grid-item has-thumb\"><div class=\"grid-item-inner bg-grau\"><div class=\"grid-bg\" style=\"background-image:url(https:\/\/willke.com\/wp-content\/uploads\/Logo-DB-Mobility-Logistics-300x300.png);\"><\/div><h3 class=\"grid-title\">Pr\u00e4qualifikation Oberleitungsanlage 15 kV &#8211; Standard<\/h3><div class=\"button-wrapper\"><a class=\"button button-download-pdf\" href=\"https:\/\/willke.com\/wp-content\/uploads\/PQ_DB-AG_Oberleitungsanlagen-15kV_2029-06-02.pdf\" target=\"_blank\">Download PDF<\/a><\/div><\/div><\/div><div class=\"grid-item has-thumb\"><div class=\"grid-item-inner bg-grau\"><div class=\"grid-bg\" style=\"background-image:url(https:\/\/willke.com\/wp-content\/uploads\/Logo-DB-Mobility-Logistics-300x300.png);\"><\/div><h3 class=\"grid-title\">Pr\u00e4qualifikation Oberbau &#8211; Weichen (SchotterOberbau)<\/h3><div class=\"button-wrapper\"><a class=\"button button-download-pdf\" href=\"https:\/\/willke.com\/wp-content\/uploads\/PQ_DB_Oberbau-konventionell-Schotter_02-2029-1.pdf\" target=\"_blank\">Download PDF<\/a><\/div><\/div><\/div><div class=\"grid-item has-thumb\"><div class=\"grid-item-inner bg-grau\"><div class=\"grid-bg\" style=\"background-image:url(https:\/\/willke.com\/wp-content\/uploads\/Logo-DB-Mobility-Logistics-300x300.png);\"><\/div><h3 class=\"grid-title\">Pr\u00e4qualifikation Kabelf\u00fchrungssysteme incl. Tiefbau, Kabelverlegung, Bauleistungen f\u00fcr Kabel, Bauen unter Eisenbahnbetrieb<\/h3><div class=\"button-wrapper\"><a class=\"button button-download-pdf\" href=\"https:\/\/willke.com\/wp-content\/uploads\/PQ_DB_Kabelbau_03-2028.pdf\" target=\"_blank\">Download PDF<\/a><\/div><\/div><\/div><div class=\"grid-item has-thumb\"><div class=\"grid-item-inner bg-grau\"><div class=\"grid-bg\" style=\"background-image:url(https:\/\/willke.com\/wp-content\/uploads\/Logo-DB-Mobility-Logistics-300x300.png);\"><\/div><h3 class=\"grid-title\">Pr\u00e4qualifikation Erdbauwerke, Bauen unter Eisenbahnbetrieb<\/h3><div class=\"button-wrapper\"><a class=\"button button-download-pdf\" href=\"https:\/\/willke.com\/wp-content\/uploads\/PQ_DB_Allgemeiner-Erd-und-Tiefbau_03-2028.pdf\" target=\"_blank\">Download PDF<\/a><\/div><\/div><\/div><div class=\"grid-item empty\"><\/div><div class=\"grid-item empty\"><\/div><\/section>\n<\/div><\/div>\n\n\n\n<div class=\"wp-block-group\" id=\"qm\"><div class=\"wp-block-group__inner-container is-layout-flow wp-block-group-is-layout-flow\">\n<h2 class=\"wp-block-heading\">Certificates of quality<\/h2>\n\n\n<section class=\"grid grid-photos grid-gallery grid-zertifikate grid-logos bg-weiss\"><div class=\"grid-item has-thumb\"><div class=\"grid-item-inner bg-weiss\"><div class=\"grid-bg\" style=\"background-image:url(https:\/\/willke.com\/wp-content\/uploads\/DVS-SLV-Hannover-800x107.jpeg);\"><\/div><h3 class=\"grid-title\">Zulassung VDV 609 06\/2020<\/h3><div class=\"button-wrapper\"><a class=\"button button-download-pdf\" href=\"https:\/\/willke.com\/wp-content\/uploads\/Zulassung-VDV-609_2023-2026_Willke-Track-Service.pdf\" target=\"_blank\">Download PDF<\/a><\/div><\/div><\/div><div class=\"grid-item has-thumb\"><div class=\"grid-item-inner bg-weiss\"><div class=\"grid-bg\" style=\"background-image:url(https:\/\/willke.com\/wp-content\/uploads\/DB_InfraGo_logo_red_black_1000px_rgb-800x177.png);\"><\/div><h3 class=\"grid-title\">Freigabe FG 46 &#8211; Oberbauschwei\u00dfbetrieb<\/h3><div class=\"button-wrapper\"><a class=\"button button-download-pdf\" href=\"https:\/\/willke.com\/wp-content\/uploads\/240207-OS-FG-24-Wilke-Track-Service-GmbH-Co.-KG.pdf\" target=\"_blank\">Download PDF<\/a><\/div><\/div><\/div><div class=\"grid-item has-thumb\"><div class=\"grid-item-inner bg-weiss\"><div class=\"grid-bg\" style=\"background-image:url(https:\/\/willke.com\/wp-content\/uploads\/db-netze.jpg);\"><\/div><h3 class=\"grid-title\">Freigabe FG 47 &#8211; Bauleitung Spannungsausgleich<\/h3><div class=\"button-wrapper\"><a class=\"button button-download-pdf\" href=\"https:\/\/willke.com\/wp-content\/uploads\/240207-SpA-FG-25-Wilke-Track-Service-GmbH-Co.-KG.pdf\" target=\"_blank\">Download PDF<\/a><\/div><\/div><\/div><div class=\"grid-item has-thumb\"><div class=\"grid-item-inner bg-weiss\"><div class=\"grid-bg\" style=\"background-image:url(https:\/\/willke.com\/wp-content\/uploads\/Logo-Guetezert-300x300.png);\"><\/div><h3 class=\"grid-title\">Qualit\u00e4tsmanagement-Zertifikat<\/h3><div class=\"button-wrapper\"><a class=\"button button-download-pdf\" href=\"https:\/\/willke.com\/wp-content\/uploads\/2024-06-13-2025-09-25-GZ-QM-Zertifikat-MQ22-031.pdf\" target=\"_blank\">Download PDF<\/a><\/div><\/div><\/div><div class=\"grid-item has-thumb\"><div class=\"grid-item-inner bg-weiss\"><div class=\"grid-bg\" style=\"background-image:url(https:\/\/willke.com\/wp-content\/uploads\/Logo-Guetezert-300x300.png);\"><\/div><h3 class=\"grid-title\">Umweltmanagement-Zertifikat<\/h3><div class=\"button-wrapper\"><a class=\"button button-download-pdf\" href=\"https:\/\/willke.com\/wp-content\/uploads\/251013_QM-Zertifikat_USM_2025-10-13.pdf\" target=\"_blank\">Download PDF<\/a><\/div><\/div><\/div><div class=\"grid-item has-thumb\"><div class=\"grid-item-inner bg-weiss\"><div class=\"grid-bg\" style=\"background-image:url(https:\/\/willke.com\/wp-content\/uploads\/TU-Entsorgergemeinschaft-300x300.png);\"><\/div><h3 class=\"grid-title\">Zertifizierung zum Entsorgungsfachbetrieb<\/h3><div class=\"button-wrapper\"><a class=\"button button-download-pdf\" href=\"https:\/\/willke.com\/wp-content\/uploads\/240606_TU_Zertifikat_Entsorgungsfachbetrieb_gueltig-bis_2024-06-06.pdf\" target=\"_blank\">Download PDF<\/a><\/div><\/div><\/div><div class=\"grid-item has-thumb\"><div class=\"grid-item-inner bg-weiss\"><div class=\"grid-bg\" style=\"background-image:url(https:\/\/willke.com\/wp-content\/uploads\/DVS-ZERT-800x170.png);\"><\/div><h3 class=\"grid-title\">QM Schwei\u00dftechnik DIN EN ISO 3834-2:2021<\/h3><div class=\"button-wrapper\"><a class=\"button button-download-pdf\" href=\"https:\/\/willke.com\/wp-content\/uploads\/Zertifikat-DIN-EN-ISO-3834-2_2023-2026_Willke-Track-Service.pdf\" target=\"_blank\">Download PDF<\/a><\/div><\/div><\/div><div class=\"grid-item empty\"><\/div><\/section>\n<\/div><\/div>\n\n\n\n<div class=\"wp-block-group\" id=\"mittelpunkt\"><div class=\"wp-block-group__inner-container is-layout-flow wp-block-group-is-layout-flow\">\n<h2 class=\"wp-block-heading\">Mittelpunkt e. V.<\/h2>\n\n\n\n<h3 class=\"wp-block-heading\">Social commitment<\/h3>\n\n\n\n<p>Since 2009, we have been supporting and assisting socially disadvantaged children and young people from the region in collaboration with the association Mittelpunkt e.V. Our involvement aims at giving young people, who otherwise tend to stand on the sidelines, the chance to be the center of attention for once. In cooperation with the association we support several projects and make sure that the money actually arrives where it\u2019s needed.<\/p>\n\n\n\n<p>More information under <a rel=\"noreferrer noopener\" href=\"http:\/\/mittelpunkt-ev.de\" target=\"_blank\">mittelpunkt-ev.de<\/a>.<\/p>\n<\/div><\/div>\n","protected":false},"excerpt":{"rendered":"<p>About us Company history The company history of the Willke Group began in 1979 in a farmhouse in Wittorf near L\u00fcneburg. Since then we have grown significantly, and our structures have changed. But one thing remains unchanged: What really counts are our satisfied customers. They know what the name Willke stood and still stands for [&hellip;]<\/p>\n","protected":false},"author":1,"featured_media":0,"parent":0,"menu_order":0,"comment_status":"closed","ping_status":"closed","template":"","meta":{"_acf_changed":false,"footnotes":""},"class_list":["post-5154","page","type-page","status-publish","hentry"],"acf":[],"yoast_head":"<!-- This site is optimized with the Yoast SEO plugin v26.9 - https:\/\/yoast.com\/product\/yoast-seo-wordpress\/ -->\n<title>About us - Willke Unternehmensgruppe<\/title>\n<meta name=\"robots\" content=\"index, follow, max-snippet:-1, max-image-preview:large, max-video-preview:-1\" \/>\n<link rel=\"canonical\" href=\"https:\/\/willke.com\/da\/ueber-uns\/\" \/>\n<meta property=\"og:locale\" content=\"da_DK\" \/>\n<meta property=\"og:type\" content=\"article\" \/>\n<meta property=\"og:title\" content=\"About us - Willke Unternehmensgruppe\" \/>\n<meta property=\"og:description\" content=\"About us Company history The company history of the Willke Group began in 1979 in a farmhouse in Wittorf near L\u00fcneburg. Since then we have grown significantly, and our structures have changed. But one thing remains unchanged: What really counts are our satisfied customers. They know what the name Willke stood and still stands for [&hellip;]\" \/>\n<meta property=\"og:url\" content=\"https:\/\/willke.com\/ueber-uns\/\" \/>\n<meta property=\"og:site_name\" content=\"Willke Unternehmensgruppe\" \/>\n<meta property=\"og:image\" content=\"https:\/\/willke.com\/wp-content\/uploads\/willke-1-640x430.jpg\" \/>\n<meta name=\"twitter:card\" content=\"summary_large_image\" \/>\n<meta name=\"twitter:label1\" content=\"Estimeret l\u00e6setid\" \/>\n\t<meta name=\"twitter:data1\" content=\"3 minutter\" \/>\n<script type=\"application\/ld+json\" class=\"yoast-schema-graph\">{\"@context\":\"https:\/\/schema.org\",\"@graph\":[{\"@type\":\"WebPage\",\"@id\":\"https:\/\/willke.com\/ueber-uns\/\",\"url\":\"https:\/\/willke.com\/ueber-uns\/\",\"name\":\"About us - Willke Unternehmensgruppe\",\"isPartOf\":{\"@id\":\"https:\/\/willke.com\/#website\"},\"primaryImageOfPage\":{\"@id\":\"https:\/\/willke.com\/ueber-uns\/#primaryimage\"},\"image\":{\"@id\":\"https:\/\/willke.com\/ueber-uns\/#primaryimage\"},\"thumbnailUrl\":\"https:\/\/willke.com\/wp-content\/uploads\/willke-1-640x430.jpg\",\"datePublished\":\"2017-05-23T14:53:57+00:00\",\"breadcrumb\":{\"@id\":\"https:\/\/willke.com\/ueber-uns\/#breadcrumb\"},\"inLanguage\":\"da-DK\",\"potentialAction\":[{\"@type\":\"ReadAction\",\"target\":[\"https:\/\/willke.com\/ueber-uns\/\"]}]},{\"@type\":\"ImageObject\",\"inLanguage\":\"da-DK\",\"@id\":\"https:\/\/willke.com\/ueber-uns\/#primaryimage\",\"url\":\"https:\/\/willke.com\/wp-content\/uploads\/willke-1-640x430.jpg\",\"contentUrl\":\"https:\/\/willke.com\/wp-content\/uploads\/willke-1-640x430.jpg\"},{\"@type\":\"BreadcrumbList\",\"@id\":\"https:\/\/willke.com\/ueber-uns\/#breadcrumb\",\"itemListElement\":[{\"@type\":\"ListItem\",\"position\":1,\"name\":\"Home\",\"item\":\"https:\/\/willke.com\/da\/\"},{\"@type\":\"ListItem\",\"position\":2,\"name\":\"About us\"}]},{\"@type\":\"WebSite\",\"@id\":\"https:\/\/willke.com\/#website\",\"url\":\"https:\/\/willke.com\/\",\"name\":\"Willke Unternehmensgruppe\",\"description\":\"Alles rund um Gleisbau\",\"potentialAction\":[{\"@type\":\"SearchAction\",\"target\":{\"@type\":\"EntryPoint\",\"urlTemplate\":\"https:\/\/willke.com\/?s={search_term_string}\"},\"query-input\":{\"@type\":\"PropertyValueSpecification\",\"valueRequired\":true,\"valueName\":\"search_term_string\"}}],\"inLanguage\":\"da-DK\"}]}<\/script>\n<!-- \/ Yoast SEO plugin. -->","yoast_head_json":{"title":"About us - Willke Unternehmensgruppe","robots":{"index":"index","follow":"follow","max-snippet":"max-snippet:-1","max-image-preview":"max-image-preview:large","max-video-preview":"max-video-preview:-1"},"canonical":"https:\/\/willke.com\/da\/ueber-uns\/","og_locale":"da_DK","og_type":"article","og_title":"About us - Willke Unternehmensgruppe","og_description":"About us Company history The company history of the Willke Group began in 1979 in a farmhouse in Wittorf near L\u00fcneburg. Since then we have grown significantly, and our structures have changed. But one thing remains unchanged: What really counts are our satisfied customers. They know what the name Willke stood and still stands for [&hellip;]","og_url":"https:\/\/willke.com\/ueber-uns\/","og_site_name":"Willke Unternehmensgruppe","og_image":[{"url":"https:\/\/willke.com\/wp-content\/uploads\/willke-1-640x430.jpg","type":"","width":"","height":""}],"twitter_card":"summary_large_image","twitter_misc":{"Estimeret l\u00e6setid":"3 minutter"},"schema":{"@context":"https:\/\/schema.org","@graph":[{"@type":"WebPage","@id":"https:\/\/willke.com\/ueber-uns\/","url":"https:\/\/willke.com\/ueber-uns\/","name":"About us - Willke Unternehmensgruppe","isPartOf":{"@id":"https:\/\/willke.com\/#website"},"primaryImageOfPage":{"@id":"https:\/\/willke.com\/ueber-uns\/#primaryimage"},"image":{"@id":"https:\/\/willke.com\/ueber-uns\/#primaryimage"},"thumbnailUrl":"https:\/\/willke.com\/wp-content\/uploads\/willke-1-640x430.jpg","datePublished":"2017-05-23T14:53:57+00:00","breadcrumb":{"@id":"https:\/\/willke.com\/ueber-uns\/#breadcrumb"},"inLanguage":"da-DK","potentialAction":[{"@type":"ReadAction","target":["https:\/\/willke.com\/ueber-uns\/"]}]},{"@type":"ImageObject","inLanguage":"da-DK","@id":"https:\/\/willke.com\/ueber-uns\/#primaryimage","url":"https:\/\/willke.com\/wp-content\/uploads\/willke-1-640x430.jpg","contentUrl":"https:\/\/willke.com\/wp-content\/uploads\/willke-1-640x430.jpg"},{"@type":"BreadcrumbList","@id":"https:\/\/willke.com\/ueber-uns\/#breadcrumb","itemListElement":[{"@type":"ListItem","position":1,"name":"Home","item":"https:\/\/willke.com\/da\/"},{"@type":"ListItem","position":2,"name":"About us"}]},{"@type":"WebSite","@id":"https:\/\/willke.com\/#website","url":"https:\/\/willke.com\/","name":"Willke Unternehmensgruppe","description":"Alles rund um Gleisbau","potentialAction":[{"@type":"SearchAction","target":{"@type":"EntryPoint","urlTemplate":"https:\/\/willke.com\/?s={search_term_string}"},"query-input":{"@type":"PropertyValueSpecification","valueRequired":true,"valueName":"search_term_string"}}],"inLanguage":"da-DK"}]}},"_links":{"self":[{"href":"https:\/\/willke.com\/da\/wp-json\/wp\/v2\/pages\/5154","targetHints":{"allow":["GET"]}}],"collection":[{"href":"https:\/\/willke.com\/da\/wp-json\/wp\/v2\/pages"}],"about":[{"href":"https:\/\/willke.com\/da\/wp-json\/wp\/v2\/types\/page"}],"author":[{"embeddable":true,"href":"https:\/\/willke.com\/da\/wp-json\/wp\/v2\/users\/1"}],"replies":[{"embeddable":true,"href":"https:\/\/willke.com\/da\/wp-json\/wp\/v2\/comments?post=5154"}],"version-history":[{"count":0,"href":"https:\/\/willke.com\/da\/wp-json\/wp\/v2\/pages\/5154\/revisions"}],"wp:attachment":[{"href":"https:\/\/willke.com\/da\/wp-json\/wp\/v2\/media?parent=5154"}],"curies":[{"name":"wp","href":"https:\/\/api.w.org\/{rel}","templated":true}]}}